{"id":132,"date":"2014-03-11T19:05:16","date_gmt":"2014-03-11T19:05:16","guid":{"rendered":"http:\/\/www.esmeth.com\/wp\/?page_id=20"},"modified":"2017-01-10T12:55:05","modified_gmt":"2017-01-10T04:55:05","slug":"home","status":"publish","type":"page","link":"https:\/\/iuhrdf.org\/tr\/","title":{"rendered":"Uluslararas\u0131 Uygur \u0130nsan Haklar\u0131 ve Demokrasi Vakf\u0131"},"content":{"rendered":"<p style=\"text-align: justify;\"><span style=\"font-weight: 400;\"><strong>Uluslararas\u0131 Uygur \u0130nsan Haklar\u0131 ve Demokrasi Vakf\u0131<\/strong> 2005 y\u0131l\u0131nda Washington&#8217;da kurulmu\u015ftur. D\u00fcnyan\u0131n her yan\u0131ndaki Do\u011fu T\u00fcrkistan te\u015fkilatlar\u0131n\u0131n ve halk\u0131n\u0131n insan haklar\u0131 ve demokrasi i\u00e7in y\u00fcr\u00fctm\u00fc\u015f olduklar\u0131 etkinlikleri ekonomik y\u00f6nden desteklemeyi, onlara k\u00fclt\u00fcr, e\u011fitim, sa\u011fl\u0131k ve ba\u015fka y\u00f6nlerden varl\u0131klar\u0131n\u0131 s\u00fcrd\u00fcrebilmeleri i\u00e7in maddi yard\u0131mlarda bulunmak amac\u0131yla faaliyet g\u00f6stermekte olan, k\u00e2r amac\u0131 g\u00fctmeyen \u00a0bir toplumsal \u00f6rg\u00fctt\u00fcr.\u00a0<div class=\"show_more\"><p class=\"wpsm-show\" style=\"color: #cc0000; font-size: 100%; text-align: left;\"> Daha fazla.....<\/p><div class=\"wpsm-content\"> \u00a0<\/span><span style=\"font-weight: 400;\">Te\u015fkilat\u0131m\u0131z\u0131n temel g\u00f6revi, iyilikseverlik ve ba\u011f\u0131\u015f \u00a0etkinliklerini \u00f6zendirip yayarak ekonomik yard\u0131mlar toplamak ve b\u00f6ylece Uygur davas\u0131n\u0131 g\u00fc\u00e7lendirmek; Uygur davas\u0131n\u0131 Uluslararas\u0131 Topluma anlatmak i\u00e7in \u00e7aba sarf etmek; Do\u011fu T\u00fcrkistan (tarihsel bilinen ismi budur) halk\u0131n\u0131n kimli\u011fini, tarihsel ve k\u00fclt\u00fcrel varl\u0131\u011f\u0131n\u0131 tan\u0131tmak; Do\u011fu T\u00fcrkistan&#8217;daki insan haklar\u0131 ihlalleri hakk\u0131nda bilgi ve veri toplamak ve bunlar\u0131 d\u00fcnya halk\u0131 ile payla\u015fmak; ortak hedeflerde birle\u015fti\u011fimiz di\u011fer organizasyonlar ile ileti\u015fimi ve i\u015fbirli\u011fini g\u00fc\u00e7lendirmek; ba\u015fta T\u00fcrk Devlet ve Topluluklar\u0131 olmak \u00fczere \u0130slam \u00fclkelerini ve d\u00fcnyadaki demokratik devletleri ve toplumlar\u0131 Do\u011fu T\u00fcrkistan i\u00e7in yard\u0131ma \u00e7a\u011f\u0131rmak, bu noktada k\u00f6pr\u00fc rol\u00fc \u00fcstlenmek; ve \u00f6zellikle Do\u011fu T\u00fcrkistan&#8217;daki kad\u0131n ve \u00e7ocuklar\u0131n haklar\u0131n\u0131n iyile\u015ftirilmesi konusunda \u00e7aba sarf etmektir.<\/span><\/p>\n<p style=\"text-align: justify;\">Daha \u00e7ok bilgiler i\u00e7in &#8221; <a href=\"https:\/\/iuhrdf.org\/tr\/iuhrdf-hakkinda\/\">IUHRDF Hakk\u0131nda<\/a>&#8221; sayfam\u0131z\u0131 ziyaret edin.\u00a0 <p class=\"wpsm-hide\" style=\"color: #cc0000; font-size: 100%; text-align: left;\"> Daha az...<\/p><\/div><\/div>\n","protected":false},"excerpt":{"rendered":"<p>Uluslararas\u0131 Uygur \u0130nsan Haklar\u0131 ve Demokrasi Vakf\u0131 2005 y\u0131l\u0131nda Washington&#8217;da kurulmu\u015ftur. D\u00fcnyan\u0131n her yan\u0131ndaki Do\u011fu T\u00fcrkistan te\u015fkilatlar\u0131n\u0131n ve halk\u0131n\u0131n insan haklar\u0131 ve demokrasi i\u00e7in y\u00fcr\u00fctm\u00fc\u015f olduklar\u0131 etkinlikleri ekonomik y\u00f6nden desteklemeyi,&#8230;<\/p>\n","protected":false},"author":1,"featured_media":0,"parent":0,"menu_order":0,"comment_status":"open","ping_status":"open","template":"page-home.php","meta":{"footnotes":""},"class_list":["post-132","page","type-page","status-publish","hentry"],"_links":{"self":[{"href":"https:\/\/iuhrdf.org\/tr\/wp-json\/wp\/v2\/pages\/132","targetHints":{"allow":["GET"]}}],"collection":[{"href":"https:\/\/iuhrdf.org\/tr\/wp-json\/wp\/v2\/pages"}],"about":[{"href":"https:\/\/iuhrdf.org\/tr\/wp-json\/wp\/v2\/types\/page"}],"author":[{"embeddable":true,"href":"https:\/\/iuhrdf.org\/tr\/wp-json\/wp\/v2\/users\/1"}],"replies":[{"embeddable":true,"href":"https:\/\/iuhrdf.org\/tr\/wp-json\/wp\/v2\/comments?post=132"}],"version-history":[{"count":23,"href":"https:\/\/iuhrdf.org\/tr\/wp-json\/wp\/v2\/pages\/132\/revisions"}],"predecessor-version":[{"id":6842,"href":"https:\/\/iuhrdf.org\/tr\/wp-json\/wp\/v2\/pages\/132\/revisions\/6842"}],"wp:attachment":[{"href":"https:\/\/iuhrdf.org\/tr\/wp-json\/wp\/v2\/media?parent=132"}],"curies":[{"name":"wp","href":"https:\/\/api.w.org\/{rel}","templated":true}]}}