{"id":21,"date":"2016-12-07T09:47:22","date_gmt":"2016-12-07T01:47:22","guid":{"rendered":"http:\/\/www.iuhrdf.org\/cn\/?page_id=21"},"modified":"2017-01-09T07:54:52","modified_gmt":"2017-01-08T23:54:52","slug":"hakkimizda","status":"publish","type":"page","link":"https:\/\/iuhrdf.org\/tr\/hakkimizda\/","title":{"rendered":"Hakk\u0131m\u0131zda"},"content":{"rendered":"<p><span style=\"font-weight: 400;\">V\u0130ZYONUMUZ<\/span><\/p>\n<p><span style=\"font-weight: 400;\">Uluslararas\u0131 Uygur \u0130nsan Haklar\u0131 ve Demokrasi Vakf\u0131 2005 y\u0131l\u0131nda Washington&#8217;da kurulmu\u015ftur. D\u00fcnyan\u0131n her yan\u0131ndaki Do\u011fu T\u00fcrkistan te\u015fkilatlar\u0131n\u0131n ve halk\u0131n\u0131n insan haklar\u0131 ve demokrasi i\u00e7in y\u00fcr\u00fctm\u00fc\u015f olduklar\u0131 etkinlikleri ekonomik y\u00f6nden desteklemeyi, onlara k\u00fclt\u00fcr, e\u011fitim, sa\u011fl\u0131k ve ba\u015fka y\u00f6nlerden varl\u0131klar\u0131n\u0131 s\u00fcrd\u00fcrebilmeleri i\u00e7in maddi yard\u0131mlarda bulunmak amac\u0131yla faaliyet g\u00f6stermekte olan, k\u00e2r amac\u0131 g\u00fctmeyen \u00a0bir toplumsal \u00f6rg\u00fctt\u00fcr.<\/span><\/p>\n<p><span style=\"font-weight: 400;\">M\u0130SYONUMUZ<\/span><\/p>\n<p><span style=\"font-weight: 400;\">Te\u015fkilat\u0131m\u0131z\u0131n temel g\u00f6revi, iyilikseverlik ve ba\u011f\u0131\u015f \u00a0etkinliklerini \u00f6zendirip yayarak ekonomik yard\u0131mlar toplamak ve b\u00f6ylece Uygur davas\u0131n\u0131 g\u00fc\u00e7lendirmek; Uygur davas\u0131n\u0131 Uluslararas\u0131 Topluma anlatmak i\u00e7in \u00e7aba sarf etmek; Do\u011fu T\u00fcrkistan (tarihsel bilinen ismi budur) halk\u0131n\u0131n kimli\u011fini, tarihsel ve k\u00fclt\u00fcrel varl\u0131\u011f\u0131n\u0131 tan\u0131tmak; Do\u011fu T\u00fcrkistan&#8217;daki insan haklar\u0131 ihlalleri hakk\u0131nda bilgi ve veri toplamak ve bunlar\u0131 d\u00fcnya halk\u0131 ile payla\u015fmak; ortak hedeflerde birle\u015fti\u011fimiz di\u011fer organizasyonlar ile ileti\u015fimi ve i\u015fbirli\u011fini g\u00fc\u00e7lendirmek; ba\u015fta T\u00fcrk Devlet ve Topluluklar\u0131 olmak \u00fczere \u0130slam \u00fclkelerini ve d\u00fcnyadaki demokratik devletleri ve toplumlar\u0131 Do\u011fu T\u00fcrkistan i\u00e7in yard\u0131ma \u00e7a\u011f\u0131rmak, bu noktada k\u00f6pr\u00fc rol\u00fc \u00fcstlenmek; ve \u00f6zellikle Do\u011fu T\u00fcrkistan&#8217;daki kad\u0131n ve \u00e7ocuklar\u0131n haklar\u0131n\u0131n iyile\u015ftirilmesi konusunda \u00e7aba sarf etmektir.<\/span><\/p>\n<p><span style=\"font-weight: 400;\">HEDEF\u0130M\u0130Z<\/span><\/p>\n<ol>\n<li><span style=\"font-weight: 400;\"> D\u00fcnyan\u0131n her yan\u0131ndaki Uygur te\u015fkilatlar\u0131n\u0131n ve aktivistlerinin etkinliklerini desteklemek i\u00e7in ekonomik yard\u0131m toplamak; Uygur davas\u0131n\u0131 g\u00fc\u00e7lendirmek ve d\u00fcnyaya anlatmak i\u00e7in daha verimli y\u00f6ntemler aramak.<\/span><\/li>\n<li><span style=\"font-weight: 400;\"> Do\u011fu t\u00fcrkistan&#8217;\u0131n co\u011frafi tarihi ve k\u00fclt\u00fcrel \u00f6zelliklerini ve \u015fimdiki durumuna d\u00fcnya halk\u0131na arz etmek.<\/span><\/li>\n<li><span style=\"font-weight: 400;\"> Ba\u015fta karde\u015f T\u00fcrk ve \u0130slam devletleri olmak \u00fczere demokratik devletler ve bu devletlerindeki sivil toplum \u00f6rg\u00fctleri ile ileti\u015fime ge\u00e7mek ve onlar\u0131n Do\u011fu \u00a0T\u00fcrkistan&#8217;a yard\u0131m etmeleri i\u00e7in \u00e7aba sarf etmek.<\/span><\/li>\n<li><span style=\"font-weight: 400;\"> \u00c7in s\u00f6m\u00fcrgecili\u011fi alt\u0131nda var olma m\u00fccadelesi veren di\u011fer halklar\u0131n haklar\u0131n\u0131 savunan sivil toplum \u00f6rg\u00fctleri ile uluslararas\u0131 \u00e7apta i\u015fbirli\u011fini g\u00fc\u00e7lendirmek.<\/span><\/li>\n<li><span style=\"font-weight: 400;\"> Birle\u015fmi\u015f Milletler, Avrupa Birli\u011fi, Amerika Birle\u015fik Devletleri ve \u00a0di\u011fer devletler ile Uluslararas\u0131 Toplum nezdinde Do\u011fu T\u00fcrkistan meselesini g\u00fcndeme getirmeye \u00e7al\u0131\u015fmak.<\/span><\/li>\n<\/ol>\n<p><span style=\"font-weight: 400;\">6. D\u00fcnyan\u0131n her yan\u0131ndaki Uygur kad\u0131n ve \u00e7ocuklar\u0131n\u0131n kar\u015f\u0131la\u015fm\u0131\u015f olduklar\u0131 sorunlar\u0131 \u00e7\u00f6zme konusunda yard\u0131m etmek.<\/span><\/p>\n","protected":false},"excerpt":{"rendered":"<p>V\u0130ZYONUMUZ Uluslararas\u0131 Uygur \u0130nsan Haklar\u0131 ve Demokrasi Vakf\u0131 2005 y\u0131l\u0131nda Washington&#8217;da kurulmu\u015ftur. D\u00fcnyan\u0131n her yan\u0131ndaki Do\u011fu T\u00fcrkistan te\u015fkilatlar\u0131n\u0131n ve halk\u0131n\u0131n insan haklar\u0131 ve demokrasi i\u00e7in y\u00fcr\u00fctm\u00fc\u015f olduklar\u0131 etkinlikleri ekonomik y\u00f6nden&#8230;<\/p>\n","protected":false},"author":1,"featured_media":0,"parent":0,"menu_order":0,"comment_status":"closed","ping_status":"closed","template":"","meta":{"footnotes":""},"class_list":["post-21","page","type-page","status-publish","hentry"],"_links":{"self":[{"href":"https:\/\/iuhrdf.org\/tr\/wp-json\/wp\/v2\/pages\/21","targetHints":{"allow":["GET"]}}],"collection":[{"href":"https:\/\/iuhrdf.org\/tr\/wp-json\/wp\/v2\/pages"}],"about":[{"href":"https:\/\/iuhrdf.org\/tr\/wp-json\/wp\/v2\/types\/page"}],"author":[{"embeddable":true,"href":"https:\/\/iuhrdf.org\/tr\/wp-json\/wp\/v2\/users\/1"}],"replies":[{"embeddable":true,"href":"https:\/\/iuhrdf.org\/tr\/wp-json\/wp\/v2\/comments?post=21"}],"version-history":[{"count":5,"href":"https:\/\/iuhrdf.org\/tr\/wp-json\/wp\/v2\/pages\/21\/revisions"}],"predecessor-version":[{"id":6753,"href":"https:\/\/iuhrdf.org\/tr\/wp-json\/wp\/v2\/pages\/21\/revisions\/6753"}],"wp:attachment":[{"href":"https:\/\/iuhrdf.org\/tr\/wp-json\/wp\/v2\/media?parent=21"}],"curies":[{"name":"wp","href":"https:\/\/api.w.org\/{rel}","templated":true}]}}