{"id":30,"date":"2016-12-07T09:50:14","date_gmt":"2016-12-07T01:50:14","guid":{"rendered":"http:\/\/www.iuhrdf.org\/cn\/?page_id=30"},"modified":"2017-01-10T03:42:07","modified_gmt":"2017-01-09T19:42:07","slug":"donate","status":"publish","type":"page","link":"https:\/\/iuhrdf.org\/tr\/donate\/","title":{"rendered":"Ba\u011f\u0131s Yap\u0131n"},"content":{"rendered":"<p><strong>Uluslararas\u0131 Uygur \u0130nsan Haklar\u0131 ve Demokrasi Vakf\u0131&#8217;na ba\u011f\u0131\u015f yap\u0131n.\u00a0<\/strong><\/p>\n<p>Uluslararas\u0131 Uygur \u0130nsan Haklar\u0131 ve Demokrasi Vakf\u0131 2005 y\u0131l\u0131nda Washington\u2019da kurulmu\u015ftur. D\u00fcnyan\u0131n her yan\u0131ndaki Do\u011fu T\u00fcrkistan te\u015fkilatlar\u0131n\u0131n ve halk\u0131n\u0131n insan haklar\u0131 ve demokrasi i\u00e7in y\u00fcr\u00fctm\u00fc\u015f olduklar\u0131 etkinlikleri ekonomik y\u00f6nden desteklemeyi, onlara k\u00fclt\u00fcr, e\u011fitim, sa\u011fl\u0131k ve ba\u015fka y\u00f6nlerden varl\u0131klar\u0131n\u0131 s\u00fcrd\u00fcrebilmeleri i\u00e7in maddi yard\u0131mlarda bulunmak amac\u0131yla faaliyet g\u00f6stermekte olan, k\u00e2r amac\u0131 g\u00fctmeyen \u00a0bir toplumsal \u00f6rg\u00fctt\u00fcr.<\/p>\n<p>Yapt\u0131\u011f\u0131n\u0131z ba\u011f\u0131\u015f, d\u00fcnyan\u0131n her yan\u0131ndaki Do\u011fu T\u00fcrkistan te\u015fkilatlar\u0131n\u0131n ve halk\u0131n\u0131n insan haklar\u0131 ve demokrasi i\u00e7in y\u00fcr\u00fctm\u00fc\u015f olduklar\u0131 etkinlikleri ekonomik y\u00f6nden desteklemek ama\u00e7l\u0131 \u00a0kullan\u0131lacakt\u0131r.<\/p>\n<div id=\"block-system-main\" class=\"block block-system block-main block-system-main odd block-without-title\">\n<div class=\"block-inner clearfix\">\n<div class=\"content clearfix\">\n<article id=\"node-page-84\" class=\"node node-page node-published node-not-promoted node-not-sticky author-admin odd clearfix\">\n<div class=\"content clearfix\">\n<div class=\"field field-name-body field-type-text-with-summary field-label-hidden\">\n<div class=\"field-items\">\n<div class=\"field-item even\">\n<p><strong>Paypal ile ba\u011f\u0131\u015f yapmak i\u00e7in a\u015fa\u011f\u0131daki <\/strong><span style=\"text-decoration: underline;\">DONATE<\/span><strong> linki t\u0131klay\u0131n:<\/strong><\/p>\n<p><a href=\"https:\/\/www.paypal.com\/us\/cgi-bin\/webscr?cmd=_flow&amp;SESSION=AYVTkou_LELyE_TO8kGfCgMP3OI662DF1P7BmL46KVR_YCLpR7aaciREiLy&amp;dispatch=5885d80a13c0db1f8e263663d3faee8d333dc9aadeed3fe0b5b299d55fd35542\"><span style=\"text-decoration: underline;\"><strong>DONATE<\/strong><\/span><\/a><\/p>\n<p><strong>\u00c7ek ile ba\u011f\u0131\u015f yapmak\u00a0i\u00e7in <a href=\"http:\/\/iuhrdf.org\/sites\/default\/files\/donatetoIUHRDFletter.pdf\">buray\u0131 t\u0131klay\u0131p<\/a>\u00a0formu doldurun ve \u00e7ek ile birlikte bize g\u00f6nderin:\u00a0<\/strong><\/p>\n<p>&nbsp;<\/p>\n<p>Adres:<\/p>\n<p>International Uyghur Human Rights and Democracy Foundation<\/p>\n<p>1420 K Street NW, Suite 350<\/p>\n<p>Washington, DC 20005<\/p>\n<\/div>\n<\/div>\n<\/div>\n<\/div>\n<\/article>\n<\/div>\n<\/div>\n<\/div>\n","protected":false},"excerpt":{"rendered":"<p>Uluslararas\u0131 Uygur \u0130nsan Haklar\u0131 ve Demokrasi Vakf\u0131&#8217;na ba\u011f\u0131\u015f yap\u0131n.\u00a0 Uluslararas\u0131 Uygur \u0130nsan Haklar\u0131 ve Demokrasi Vakf\u0131 2005 y\u0131l\u0131nda Washington\u2019da kurulmu\u015ftur. D\u00fcnyan\u0131n her yan\u0131ndaki Do\u011fu T\u00fcrkistan te\u015fkilatlar\u0131n\u0131n ve halk\u0131n\u0131n insan haklar\u0131&#8230;<\/p>\n","protected":false},"author":1,"featured_media":0,"parent":0,"menu_order":0,"comment_status":"closed","ping_status":"closed","template":"","meta":{"footnotes":""},"class_list":["post-30","page","type-page","status-publish","hentry"],"_links":{"self":[{"href":"https:\/\/iuhrdf.org\/tr\/wp-json\/wp\/v2\/pages\/30","targetHints":{"allow":["GET"]}}],"collection":[{"href":"https:\/\/iuhrdf.org\/tr\/wp-json\/wp\/v2\/pages"}],"about":[{"href":"https:\/\/iuhrdf.org\/tr\/wp-json\/wp\/v2\/types\/page"}],"author":[{"embeddable":true,"href":"https:\/\/iuhrdf.org\/tr\/wp-json\/wp\/v2\/users\/1"}],"replies":[{"embeddable":true,"href":"https:\/\/iuhrdf.org\/tr\/wp-json\/wp\/v2\/comments?post=30"}],"version-history":[{"count":7,"href":"https:\/\/iuhrdf.org\/tr\/wp-json\/wp\/v2\/pages\/30\/revisions"}],"predecessor-version":[{"id":6822,"href":"https:\/\/iuhrdf.org\/tr\/wp-json\/wp\/v2\/pages\/30\/revisions\/6822"}],"wp:attachment":[{"href":"https:\/\/iuhrdf.org\/tr\/wp-json\/wp\/v2\/media?parent=30"}],"curies":[{"name":"wp","href":"https:\/\/api.w.org\/{rel}","templated":true}]}}