{"id":6640,"date":"2016-12-15T19:34:02","date_gmt":"2016-12-15T11:34:02","guid":{"rendered":"http:\/\/www.iuhrdf.org\/tr\/?page_id=6640"},"modified":"2017-01-09T07:56:55","modified_gmt":"2017-01-08T23:56:55","slug":"misyon","status":"publish","type":"page","link":"https:\/\/iuhrdf.org\/tr\/hakkimizda\/misyon\/","title":{"rendered":"Hedefimiz"},"content":{"rendered":"<p><span style=\"font-weight: 400;\">HEDEF\u0130M\u0130Z<\/span><\/p>\n<ol>\n<li><span style=\"font-weight: 400;\"> D\u00fcnyan\u0131n her yan\u0131ndaki Uygur te\u015fkilatlar\u0131n\u0131n ve aktivistlerinin etkinliklerini desteklemek i\u00e7in ekonomik yard\u0131m toplamak; Uygur davas\u0131n\u0131 g\u00fc\u00e7lendirmek ve d\u00fcnyaya anlatmak i\u00e7in daha verimli y\u00f6ntemler aramak.<\/span><\/li>\n<li><span style=\"font-weight: 400;\"> Do\u011fu t\u00fcrkistan&#8217;\u0131n co\u011frafi tarihi ve k\u00fclt\u00fcrel \u00f6zelliklerini ve \u015fimdiki durumuna d\u00fcnya halk\u0131na arz etmek.<\/span><\/li>\n<li><span style=\"font-weight: 400;\"> Ba\u015fta karde\u015f T\u00fcrk ve \u0130slam devletleri olmak \u00fczere demokratik devletler ve bu devletlerindeki sivil toplum \u00f6rg\u00fctleri ile ileti\u015fime ge\u00e7mek ve onlar\u0131n Do\u011fu \u00a0T\u00fcrkistan&#8217;a yard\u0131m etmeleri i\u00e7in \u00e7aba sarf etmek.<\/span><\/li>\n<li><span style=\"font-weight: 400;\"> \u00c7in s\u00f6m\u00fcrgecili\u011fi alt\u0131nda var olma m\u00fccadelesi veren di\u011fer halklar\u0131n haklar\u0131n\u0131 savunan sivil toplum \u00f6rg\u00fctleri ile uluslararas\u0131 \u00e7apta i\u015fbirli\u011fini g\u00fc\u00e7lendirmek.<\/span><\/li>\n<li><span style=\"font-weight: 400;\"> Birle\u015fmi\u015f Milletler, Avrupa Birli\u011fi, Amerika Birle\u015fik Devletleri ve \u00a0di\u011fer devletler ile Uluslararas\u0131 Toplum nezdinde Do\u011fu T\u00fcrkistan meselesini g\u00fcndeme getirmeye \u00e7al\u0131\u015fmak.<\/span><\/li>\n<li><span style=\"font-weight: 400;\"> D\u00fcnyan\u0131n her yan\u0131ndaki Uygur kad\u0131n ve \u00e7ocuklar\u0131n\u0131n kar\u015f\u0131la\u015fm\u0131\u015f olduklar\u0131 sorunlar\u0131 \u00e7\u00f6zme konusunda yard\u0131m etmek.<\/span><\/li>\n<\/ol>\n","protected":false},"excerpt":{"rendered":"<p>HEDEF\u0130M\u0130Z D\u00fcnyan\u0131n her yan\u0131ndaki Uygur te\u015fkilatlar\u0131n\u0131n ve aktivistlerinin etkinliklerini desteklemek i\u00e7in ekonomik yard\u0131m toplamak; Uygur davas\u0131n\u0131 g\u00fc\u00e7lendirmek ve d\u00fcnyaya anlatmak i\u00e7in daha verimli y\u00f6ntemler aramak. Do\u011fu t\u00fcrkistan&#8217;\u0131n co\u011frafi tarihi ve&#8230;<\/p>\n","protected":false},"author":1,"featured_media":0,"parent":21,"menu_order":0,"comment_status":"closed","ping_status":"closed","template":"","meta":{"footnotes":""},"class_list":["post-6640","page","type-page","status-publish","hentry"],"_links":{"self":[{"href":"https:\/\/iuhrdf.org\/tr\/wp-json\/wp\/v2\/pages\/6640","targetHints":{"allow":["GET"]}}],"collection":[{"href":"https:\/\/iuhrdf.org\/tr\/wp-json\/wp\/v2\/pages"}],"about":[{"href":"https:\/\/iuhrdf.org\/tr\/wp-json\/wp\/v2\/types\/page"}],"author":[{"embeddable":true,"href":"https:\/\/iuhrdf.org\/tr\/wp-json\/wp\/v2\/users\/1"}],"replies":[{"embeddable":true,"href":"https:\/\/iuhrdf.org\/tr\/wp-json\/wp\/v2\/comments?post=6640"}],"version-history":[{"count":7,"href":"https:\/\/iuhrdf.org\/tr\/wp-json\/wp\/v2\/pages\/6640\/revisions"}],"predecessor-version":[{"id":6756,"href":"https:\/\/iuhrdf.org\/tr\/wp-json\/wp\/v2\/pages\/6640\/revisions\/6756"}],"up":[{"embeddable":true,"href":"https:\/\/iuhrdf.org\/tr\/wp-json\/wp\/v2\/pages\/21"}],"wp:attachment":[{"href":"https:\/\/iuhrdf.org\/tr\/wp-json\/wp\/v2\/media?parent=6640"}],"curies":[{"name":"wp","href":"https:\/\/api.w.org\/{rel}","templated":true}]}}